{"id":1182,"date":"2021-03-23T01:10:09","date_gmt":"2021-03-23T00:10:09","guid":{"rendered":"https:\/\/www.hotelalemagnabibione.com\/?page_id=1182"},"modified":"2025-03-07T07:46:16","modified_gmt":"2025-03-07T06:46:16","slug":"hotel-spiaggia-inclusa-bibione","status":"publish","type":"page","link":"https:\/\/www.hotelalemagnabibione.com\/de\/hotel-spiaggia-inclusa-bibione\/","title":{"rendered":"Hotel spiaggia inclusa Bibione"},"content":{"rendered":"<div data-elementor-type=\"wp-page\" data-elementor-id=\"1182\" class=\"elementor elementor-1182\" data-elementor-post-type=\"page\">\n\t\t\t\t\t\t<section class=\"elementor-section elementor-top-section elementor-element elementor-element-674a0908 elementor-section-boxed elementor-section-height-default elementor-section-height-default\" data-id=\"674a0908\" data-element_type=\"section\" data-e-type=\"section\" data-settings=\"{&quot;background_background&quot;:&quot;classic&quot;}\">\n\t\t\t\t\t\t\t<div class=\"elementor-background-overlay\"><\/div>\n\t\t\t\t\t\t\t<div class=\"elementor-container elementor-column-gap-default\">\n\t\t\t\t\t<div class=\"elementor-column elementor-col-100 elementor-top-column elementor-element elementor-element-dce436\" data-id=\"dce436\" data-element_type=\"column\" data-e-type=\"column\">\n\t\t\t<div class=\"elementor-widget-wrap elementor-element-populated\">\n\t\t\t\t\t\t<div class=\"elementor-element elementor-element-18253936 elementor-widget elementor-widget-heading\" data-id=\"18253936\" data-element_type=\"widget\" data-e-type=\"widget\" data-widget_type=\"heading.default\">\n\t\t\t\t<div class=\"elementor-widget-container\">\n\t\t\t\t\t<h1 class=\"elementor-heading-title elementor-size-default\">Hotel mit inklusive Strandservice<\/h1>\t\t\t\t<\/div>\n\t\t\t\t<\/div>\n\t\t\t\t<div class=\"elementor-element elementor-element-c61d423 elementor-widget elementor-widget-heading\" data-id=\"c61d423\" data-element_type=\"widget\" data-e-type=\"widget\" data-widget_type=\"heading.default\">\n\t\t\t\t<div class=\"elementor-widget-container\">\n\t\t\t\t\t<h2 class=\"elementor-heading-title elementor-size-default\">HOTEL ALEMAGNA 4 STELLE A BIBIONE<\/h2>\t\t\t\t<\/div>\n\t\t\t\t<\/div>\n\t\t\t\t\t<\/div>\n\t\t<\/div>\n\t\t\t\t\t<\/div>\n\t\t<\/section>\n\t\t\t\t<section class=\"elementor-section elementor-top-section elementor-element elementor-element-bfb48fa elementor-section-content-middle elementor-section-boxed elementor-section-height-default elementor-section-height-default\" data-id=\"bfb48fa\" data-element_type=\"section\" data-e-type=\"section\" data-settings=\"{&quot;background_background&quot;:&quot;classic&quot;}\">\n\t\t\t\t\t\t<div class=\"elementor-container elementor-column-gap-default\">\n\t\t\t\t\t<div class=\"elementor-column elementor-col-50 elementor-top-column elementor-element elementor-element-4f74901\" data-id=\"4f74901\" data-element_type=\"column\" data-e-type=\"column\">\n\t\t\t<div class=\"elementor-widget-wrap elementor-element-populated\">\n\t\t\t\t\t\t<div class=\"elementor-element elementor-element-ab88fbc elementor-widget elementor-widget-heading\" data-id=\"ab88fbc\" data-element_type=\"widget\" data-e-type=\"widget\" data-widget_type=\"heading.default\">\n\t\t\t\t<div class=\"elementor-widget-container\">\n\t\t\t\t\t<p class=\"elementor-heading-title elementor-size-default translation-block\"><b>Bei einer Buchung direkt \u00fcber unsere Website ist f\u00fcr jedes Zimmer immer ein Strandplatz im Preis inbegriffen, bereits ab dem Morgen des Anreisetages<\/b> (nur f\u00fcr Direktbuchungen). Das bedeutet, dass du w\u00e4hrend deines gesamten Aufenthalts 1 Sonnenschirm + 2 Liegen erh\u00e4ltst. Die Position am Strand richtet sich nach der gebuchten Zimmerkategorie und der Anzahl der \u00dcbernachtungen. Bibione war der erste komplett rauchfreie Strand (NO SMOKE) mit kostenlosem WLAN entlang der gesamten langen Fu\u00dfg\u00e4nger- und Radpromenade direkt am Meer.<\/p>\t\t\t\t<\/div>\n\t\t\t\t<\/div>\n\t\t\t\t\t<\/div>\n\t\t<\/div>\n\t\t\t\t<div class=\"elementor-column elementor-col-50 elementor-top-column elementor-element elementor-element-f3ab04a\" data-id=\"f3ab04a\" data-element_type=\"column\" data-e-type=\"column\">\n\t\t\t<div class=\"elementor-widget-wrap elementor-element-populated\">\n\t\t\t\t\t\t<div class=\"elementor-element elementor-element-aaa779b elementor-arrows-position-inside elementor-widget elementor-widget-image-carousel\" data-id=\"aaa779b\" data-element_type=\"widget\" data-e-type=\"widget\" data-settings=\"{&quot;slides_to_show&quot;:&quot;1&quot;,&quot;navigation&quot;:&quot;arrows&quot;,&quot;autoplay_speed&quot;:2000,&quot;autoplay&quot;:&quot;yes&quot;,&quot;pause_on_hover&quot;:&quot;yes&quot;,&quot;pause_on_interaction&quot;:&quot;yes&quot;,&quot;infinite&quot;:&quot;yes&quot;,&quot;effect&quot;:&quot;slide&quot;,&quot;speed&quot;:500}\" data-widget_type=\"image-carousel.default\">\n\t\t\t\t<div class=\"elementor-widget-container\">\n\t\t\t\t\t\t\t<div class=\"elementor-image-carousel-wrapper swiper\" role=\"region\" aria-roledescription=\"carousel\" aria-label=\"Carosello d&#039;immagini\" dir=\"ltr\">\n\t\t\t<div class=\"elementor-image-carousel swiper-wrapper swiper-image-stretch\" aria-live=\"off\">\n\t\t\t\t\t\t\t\t<div class=\"swiper-slide\" role=\"group\" aria-roledescription=\"slide\" aria-label=\"Carosello d&#039;immagini\"><figure class=\"swiper-slide-inner\"><img decoding=\"async\" class=\"swiper-slide-image\" src=\"https:\/\/www.hotelalemagnabibione.com\/wp-content\/uploads\/elementor\/thumbs\/01-qzaadwv97cep076uha0vbn8h8fn1mt52vev344d54w.jpg\" alt=\"01\" title=\"- Hotel Bibione\"><\/figure><\/div><div class=\"swiper-slide\" role=\"group\" aria-roledescription=\"slide\" aria-label=\"Carosello d&#039;immagini\"><figure class=\"swiper-slide-inner\"><img decoding=\"async\" class=\"swiper-slide-image\" src=\"https:\/\/www.hotelalemagnabibione.com\/wp-content\/uploads\/elementor\/thumbs\/Hotel-Bibione-Famiglia-Alemagna-Camere-62-qzaacfagdsdcmfco64v4vir7dgz4g28do1oerckkzk.jpg\" alt=\"Hotel-Bibione-Famiglia-Alemagna-Camere-62\" title=\"- Hotel Bibione\"><\/figure><\/div><div class=\"swiper-slide\" role=\"group\" aria-roledescription=\"slide\" aria-label=\"Carosello d&#039;immagini\"><figure class=\"swiper-slide-inner\"><img decoding=\"async\" class=\"swiper-slide-image\" src=\"https:\/\/www.hotelalemagnabibione.com\/wp-content\/uploads\/elementor\/thumbs\/Hotel-Bibione-Famiglia-Alemagna-Camere-61-qzaacbj3mg87bzi4s38mljpczxhnl9tgbj2gu8q5og.jpg\" alt=\"Hotel-Bibione-Famiglia-Alemagna-Camere-61\" title=\"- Hotel Bibione\"><\/figure><\/div><div class=\"swiper-slide\" role=\"group\" aria-roledescription=\"slide\" aria-label=\"Carosello d&#039;immagini\"><figure class=\"swiper-slide-inner\"><img decoding=\"async\" class=\"swiper-slide-image\" src=\"https:\/\/www.hotelalemagnabibione.com\/wp-content\/uploads\/elementor\/thumbs\/Hotel-Bibione-Famiglia-Alemagna-Camere-44-qzaabgifcx1qour6t7txt9j5e7qjj9eb79jg0405ds.jpg\" alt=\"Hotel-Bibione-Famiglia-Alemagna-Camere-44\" title=\"- Hotel Bibione\"><\/figure><\/div><div class=\"swiper-slide\" role=\"group\" aria-roledescription=\"slide\" aria-label=\"Carosello d&#039;immagini\"><figure class=\"swiper-slide-inner\"><img decoding=\"async\" class=\"swiper-slide-image\" src=\"https:\/\/www.hotelalemagnabibione.com\/wp-content\/uploads\/elementor\/thumbs\/bibione-lido-del-sole-02-qzaach64rgfx9n9xv5oe0ia4k8puvgfucazdpwhsn4.jpg\" alt=\"bibione-lido-del-sole-02\" title=\"- Hotel Bibione\"><\/figure><\/div><div class=\"swiper-slide\" role=\"group\" aria-roledescription=\"slide\" aria-label=\"Carosello d&#039;immagini\"><figure class=\"swiper-slide-inner\"><img decoding=\"async\" class=\"swiper-slide-image\" src=\"https:\/\/www.hotelalemagnabibione.com\/wp-content\/uploads\/elementor\/thumbs\/Hotel-Bibione-Famiglia-Alemagna-Camere-45-qzaabhg9jr310gptnq8kdralzllwqyi1je6xhdyr7k.jpg\" alt=\"Hotel-Bibione-Famiglia-Alemagna-Camere-45\" title=\"- Hotel Bibione\"><\/figure><\/div>\t\t\t<\/div>\n\t\t\t\t\t\t\t\t\t\t\t\t<div class=\"elementor-swiper-button elementor-swiper-button-prev\" role=\"button\" tabindex=\"0\">\n\t\t\t\t\t\t<i aria-hidden=\"true\" class=\"eicon-chevron-left\"><\/i>\t\t\t\t\t<\/div>\n\t\t\t\t\t<div class=\"elementor-swiper-button elementor-swiper-button-next\" role=\"button\" tabindex=\"0\">\n\t\t\t\t\t\t<i aria-hidden=\"true\" class=\"eicon-chevron-right\"><\/i>\t\t\t\t\t<\/div>\n\t\t\t\t\n\t\t\t\t\t\t\t\t\t<\/div>\n\t\t\t\t\t\t<\/div>\n\t\t\t\t<\/div>\n\t\t\t\t\t<\/div>\n\t\t<\/div>\n\t\t\t\t\t<\/div>\n\t\t<\/section>\n\t\t\t\t<section class=\"elementor-section elementor-top-section elementor-element elementor-element-14a590f7 elementor-section-boxed elementor-section-height-default elementor-section-height-default\" data-id=\"14a590f7\" data-element_type=\"section\" data-e-type=\"section\">\n\t\t\t\t\t\t<div class=\"elementor-container elementor-column-gap-default\">\n\t\t\t\t\t<div class=\"elementor-column elementor-col-50 elementor-top-column elementor-element elementor-element-3ee3fb86\" data-id=\"3ee3fb86\" data-element_type=\"column\" data-e-type=\"column\">\n\t\t\t<div class=\"elementor-widget-wrap elementor-element-populated\">\n\t\t\t\t\t\t<div class=\"elementor-element elementor-element-c554b8f elementor-widget elementor-widget-image\" data-id=\"c554b8f\" data-element_type=\"widget\" data-e-type=\"widget\" data-widget_type=\"image.default\">\n\t\t\t\t<div class=\"elementor-widget-container\">\n\t\t\t\t\t\t\t\t\t\t\t\t\t\t\t<img fetchpriority=\"high\" decoding=\"async\" width=\"1333\" height=\"2000\" src=\"https:\/\/www.hotelalemagnabibione.com\/wp-content\/uploads\/2021\/03\/family-beach-holiday-little-girl-and-happy-dad-having-fun-during-beach-vacation.jpg\" class=\"attachment-full size-full wp-image-1185\" alt=\"Family beach holiday. Little girl and happy dad having fun during beach vacation\" srcset=\"https:\/\/www.hotelalemagnabibione.com\/wp-content\/uploads\/2021\/03\/family-beach-holiday-little-girl-and-happy-dad-having-fun-during-beach-vacation.jpg 1333w, https:\/\/www.hotelalemagnabibione.com\/wp-content\/uploads\/2021\/03\/family-beach-holiday-little-girl-and-happy-dad-having-fun-during-beach-vacation-200x300.jpg 200w, https:\/\/www.hotelalemagnabibione.com\/wp-content\/uploads\/2021\/03\/family-beach-holiday-little-girl-and-happy-dad-having-fun-during-beach-vacation-682x1024.jpg 682w, https:\/\/www.hotelalemagnabibione.com\/wp-content\/uploads\/2021\/03\/family-beach-holiday-little-girl-and-happy-dad-having-fun-during-beach-vacation-768x1152.jpg 768w, https:\/\/www.hotelalemagnabibione.com\/wp-content\/uploads\/2021\/03\/family-beach-holiday-little-girl-and-happy-dad-having-fun-during-beach-vacation-1024x1536.jpg 1024w\" sizes=\"(max-width: 1333px) 100vw, 1333px\" title=\"- Hotel Bibione\">\t\t\t\t\t\t\t\t\t\t\t\t\t\t\t<\/div>\n\t\t\t\t<\/div>\n\t\t\t\t\t<\/div>\n\t\t<\/div>\n\t\t\t\t<div class=\"elementor-column elementor-col-50 elementor-top-column elementor-element elementor-element-28ec9178\" data-id=\"28ec9178\" data-element_type=\"column\" data-e-type=\"column\">\n\t\t\t<div class=\"elementor-widget-wrap elementor-element-populated\">\n\t\t\t\t\t\t<div class=\"elementor-element elementor-element-d78fdea elementor-widget elementor-widget-heading\" data-id=\"d78fdea\" data-element_type=\"widget\" data-e-type=\"widget\" data-widget_type=\"heading.default\">\n\t\t\t\t<div class=\"elementor-widget-container\">\n\t\t\t\t\t<h2 class=\"elementor-heading-title elementor-size-default\">Strand inklusive im Hotel in Bibione mit Liegestuhl, Sonnenliege und Sonnenschirm.<\/h2>\t\t\t\t<\/div>\n\t\t\t\t<\/div>\n\t\t\t\t<div class=\"elementor-element elementor-element-015c54d elementor-widget elementor-widget-text-editor\" data-id=\"015c54d\" data-element_type=\"widget\" data-e-type=\"widget\" data-widget_type=\"text-editor.default\">\n\t\t\t\t<div class=\"elementor-widget-container\">\n\t\t\t\t\t\t\t\t\t<p>Strandplatz IMMER inbegriffen f\u00fcr alle G\u00e4ste, die hier auf der Website buchen, an einem der sch\u00f6nsten Str\u00e4nde von Bibione, dem LIDO del SOLE, mit Sonnenliege, Liegestuhl und Sonnenschirm.<\/p><p>In der N\u00e4he unseres Bereichs VIVALDI C gibt es einen Miniclub, der nach Altersgruppen unterteilt ist und ein reichhaltiges Tagesprogramm bietet, das im Preis inbegriffen ist.<\/p><p>Zus\u00e4tzliche Liegen oder St\u00fchle m\u00fcssen an den Kassen bezahlt werden. Pl\u00e4tze in der N\u00e4he der Gehwege m\u00fcssen im Voraus vereinbart werden.<\/p><p class=\"translation-block\">Wenn Sie einen Platz am Strand von <a href=\"http:\/\/www.laspiaggiadipluto.com\" target=\"_blank\" rel=\"noopener\">Pluto<\/a> (<strong>Hundestrand<\/strong> ca. 5 km vom Hotel entfernt) reservieren m\u00f6chten, denken Sie daran, diesen Platz rechtzeitig zu buchen (Frau Franca 371\/3931992), da die Pl\u00e4tze begrenzt sind. Sie k\u00f6nnen unseren Gutschein direkt an der Kasse des Strandes von Pluto gegen eine kleine Geb\u00fchr einl\u00f6sen.<\/p><p><em>Der Strand des Lido del Sole ist einer der tiefsten Str\u00e4nde von Bibione und wird als der sch\u00f6nste angesehen. Einige Sonderangebote beinhalten m\u00f6glicherweise keinen Strandservice.<\/em><\/p><p>Einige Sonderangebote k\u00f6nnen den Strandservice nicht enthalten, dies wird jedoch deutlich angegeben.<\/p><p>Falls du \u00fcber einen Reiseveranstalter buchst, kann der Strandservice direkt im Hotel erworben werden und steht ebenfalls ab dem Morgen zur Verf\u00fcgung.<\/p>\t\t\t\t\t\t\t\t<\/div>\n\t\t\t\t<\/div>\n\t\t\t\t\t<\/div>\n\t\t<\/div>\n\t\t\t\t\t<\/div>\n\t\t<\/section>\n\t\t\t\t<section class=\"elementor-section elementor-top-section elementor-element elementor-element-a303477 elementor-section-boxed elementor-section-height-default elementor-section-height-default\" data-id=\"a303477\" data-element_type=\"section\" data-e-type=\"section\">\n\t\t\t\t\t\t<div class=\"elementor-container elementor-column-gap-default\">\n\t\t\t\t\t<div class=\"elementor-column elementor-col-100 elementor-top-column elementor-element elementor-element-54cc751\" data-id=\"54cc751\" data-element_type=\"column\" data-e-type=\"column\">\n\t\t\t<div class=\"elementor-widget-wrap elementor-element-populated\">\n\t\t\t\t\t\t<div class=\"elementor-element elementor-element-852418a elementor-widget elementor-widget-spacer\" data-id=\"852418a\" data-element_type=\"widget\" data-e-type=\"widget\" data-widget_type=\"spacer.default\">\n\t\t\t\t<div class=\"elementor-widget-container\">\n\t\t\t\t\t\t\t<div class=\"elementor-spacer\">\n\t\t\t<div class=\"elementor-spacer-inner\"><\/div>\n\t\t<\/div>\n\t\t\t\t\t\t<\/div>\n\t\t\t\t<\/div>\n\t\t\t\t<div class=\"elementor-element elementor-element-0b4bdd0 elementor-widget elementor-widget-image\" data-id=\"0b4bdd0\" data-element_type=\"widget\" data-e-type=\"widget\" data-widget_type=\"image.default\">\n\t\t\t\t<div class=\"elementor-widget-container\">\n\t\t\t\t\t\t\t\t\t\t\t\t\t\t\t\t<a href=\"https:\/\/www.hotelalemagnabibione.com\/wp-content\/uploads\/2021\/06\/programma-Animazione-Jolly-2021.jpg\" data-elementor-open-lightbox=\"yes\" data-elementor-lightbox-title=\"programma-Animazione-Jolly-2021\" data-e-action-hash=\"#elementor-action%3Aaction%3Dlightbox%26settings%3DeyJpZCI6MTYxMCwidXJsIjoiaHR0cHM6XC9cL3d3dy5ob3RlbGFsZW1hZ25hYmliaW9uZS5jb21cL3dwLWNvbnRlbnRcL3VwbG9hZHNcLzIwMjFcLzA2XC9wcm9ncmFtbWEtQW5pbWF6aW9uZS1Kb2xseS0yMDIxLmpwZyJ9\">\n\t\t\t\t\t\t\t<img decoding=\"async\" width=\"1980\" height=\"1400\" src=\"https:\/\/www.hotelalemagnabibione.com\/wp-content\/uploads\/2021\/06\/programma-Animazione-Jolly-2021.jpg\" class=\"attachment-full size-full wp-image-1610\" alt=\"- Hotel Bibione\" srcset=\"https:\/\/www.hotelalemagnabibione.com\/wp-content\/uploads\/2021\/06\/programma-Animazione-Jolly-2021.jpg 1980w, https:\/\/www.hotelalemagnabibione.com\/wp-content\/uploads\/2021\/06\/programma-Animazione-Jolly-2021-300x212.jpg 300w, https:\/\/www.hotelalemagnabibione.com\/wp-content\/uploads\/2021\/06\/programma-Animazione-Jolly-2021-1024x724.jpg 1024w, https:\/\/www.hotelalemagnabibione.com\/wp-content\/uploads\/2021\/06\/programma-Animazione-Jolly-2021-768x543.jpg 768w, https:\/\/www.hotelalemagnabibione.com\/wp-content\/uploads\/2021\/06\/programma-Animazione-Jolly-2021-1536x1086.jpg 1536w\" sizes=\"(max-width: 1980px) 100vw, 1980px\" title=\"- Hotel Bibione\">\t\t\t\t\t\t\t\t<\/a>\n\t\t\t\t\t\t\t\t\t\t\t\t\t\t\t<\/div>\n\t\t\t\t<\/div>\n\t\t\t\t\t<\/div>\n\t\t<\/div>\n\t\t\t\t\t<\/div>\n\t\t<\/section>\n\t\t\t\t<section class=\"elementor-section elementor-top-section elementor-element elementor-element-31e0767 elementor-section-full_width elementor-section-height-default elementor-section-height-default\" data-id=\"31e0767\" data-element_type=\"section\" data-e-type=\"section\">\n\t\t\t\t\t\t<div class=\"elementor-container elementor-column-gap-default\">\n\t\t\t\t\t<div class=\"elementor-column elementor-col-100 elementor-top-column elementor-element elementor-element-93a00c7\" data-id=\"93a00c7\" data-element_type=\"column\" data-e-type=\"column\">\n\t\t\t<div class=\"elementor-widget-wrap elementor-element-populated\">\n\t\t\t\t\t\t<div class=\"elementor-element elementor-element-41f2c67 elementor-widget elementor-widget-shortcode\" data-id=\"41f2c67\" data-element_type=\"widget\" data-e-type=\"widget\" data-widget_type=\"shortcode.default\">\n\t\t\t\t<div class=\"elementor-widget-container\">\n\t\t\t\t\t\t\t<div class=\"elementor-shortcode\">\t\t<div data-elementor-type=\"section\" data-elementor-id=\"791\" class=\"elementor elementor-791\" data-elementor-post-type=\"elementor_library\">\n\t\t\t\t\t<section class=\"elementor-section elementor-top-section elementor-element elementor-element-2733e28a elementor-section-content-middle elementor-section-boxed elementor-section-height-default elementor-section-height-default\" data-id=\"2733e28a\" data-element_type=\"section\" data-e-type=\"section\" data-settings=\"{&quot;background_background&quot;:&quot;classic&quot;}\">\n\t\t\t\t\t\t\t<div class=\"elementor-background-overlay\"><\/div>\n\t\t\t\t\t\t\t<div class=\"elementor-container elementor-column-gap-default\">\n\t\t\t\t\t<div class=\"elementor-column elementor-col-50 elementor-top-column elementor-element elementor-element-3fe6dad9\" data-id=\"3fe6dad9\" data-element_type=\"column\" data-e-type=\"column\">\n\t\t\t<div class=\"elementor-widget-wrap elementor-element-populated\">\n\t\t\t\t\t\t<div class=\"elementor-element elementor-element-3b0ba680 elementor-widget elementor-widget-heading\" data-id=\"3b0ba680\" data-element_type=\"widget\" data-e-type=\"widget\" data-widget_type=\"heading.default\">\n\t\t\t\t<div class=\"elementor-widget-container\">\n\t\t\t\t\t<h2 class=\"elementor-heading-title elementor-size-default\">Wir stehen Ihnen f\u00fcr Informationen und Angebote zur Verf\u00fcgung.<\/h2>\t\t\t\t<\/div>\n\t\t\t\t<\/div>\n\t\t\t\t<div class=\"elementor-element elementor-element-c6ca231 elementor-widget elementor-widget-heading\" data-id=\"c6ca231\" data-element_type=\"widget\" data-e-type=\"widget\" data-widget_type=\"heading.default\">\n\t\t\t\t<div class=\"elementor-widget-container\">\n\t\t\t\t\t<h2 class=\"elementor-heading-title elementor-size-default\">BESTPREIS GARANTIE - F\u00dcR DIREKTBUCHER!<\/h2>\t\t\t\t<\/div>\n\t\t\t\t<\/div>\n\t\t\t\t\t<\/div>\n\t\t<\/div>\n\t\t\t\t<div class=\"elementor-column elementor-col-50 elementor-top-column elementor-element elementor-element-70a5fc5c\" data-id=\"70a5fc5c\" data-element_type=\"column\" data-e-type=\"column\">\n\t\t\t<div class=\"elementor-widget-wrap elementor-element-populated\">\n\t\t\t\t\t\t<div class=\"elementor-element elementor-element-26429b5 elementor-align-right elementor-mobile-align-justify elementor-widget elementor-widget-button\" data-id=\"26429b5\" data-element_type=\"widget\" data-e-type=\"widget\" data-widget_type=\"button.default\">\n\t\t\t\t<div class=\"elementor-widget-container\">\n\t\t\t\t\t\t\t\t\t<div class=\"elementor-button-wrapper\">\n\t\t\t\t\t<a class=\"elementor-button elementor-button-link elementor-size-sm elementor-animation-grow\" href=\"https:\/\/www.hotelalemagnabibione.com\/de\/contatti\/\">\n\t\t\t\t\t\t<span class=\"elementor-button-content-wrapper\">\n\t\t\t\t\t\t\t\t\t<span class=\"elementor-button-text\">KONTAKTE<\/span>\n\t\t\t\t\t<\/span>\n\t\t\t\t\t<\/a>\n\t\t\t\t<\/div>\n\t\t\t\t\t\t\t\t<\/div>\n\t\t\t\t<\/div>\n\t\t\t\t\t<\/div>\n\t\t<\/div>\n\t\t\t\t\t<\/div>\n\t\t<\/section>\n\t\t\t\t<\/div>\n\t\t<\/div>\n\t\t\t\t\t\t<\/div>\n\t\t\t\t<\/div>\n\t\t\t\t\t<\/div>\n\t\t<\/div>\n\t\t\t\t\t<\/div>\n\t\t<\/section>\n\t\t\t\t<section class=\"elementor-section elementor-top-section elementor-element elementor-element-a6edbf5 elementor-section-boxed elementor-section-height-default elementor-section-height-default\" data-id=\"a6edbf5\" data-element_type=\"section\" data-e-type=\"section\">\n\t\t\t\t\t\t<div class=\"elementor-container elementor-column-gap-default\">\n\t\t\t\t\t<div class=\"elementor-column elementor-col-100 elementor-top-column elementor-element elementor-element-ea287bc\" data-id=\"ea287bc\" data-element_type=\"column\" data-e-type=\"column\">\n\t\t\t<div class=\"elementor-widget-wrap elementor-element-populated\">\n\t\t\t\t\t\t<div class=\"elementor-element elementor-element-e88b735 elementor-widget elementor-widget-spacer\" data-id=\"e88b735\" data-element_type=\"widget\" data-e-type=\"widget\" data-widget_type=\"spacer.default\">\n\t\t\t\t<div class=\"elementor-widget-container\">\n\t\t\t\t\t\t\t<div class=\"elementor-spacer\">\n\t\t\t<div class=\"elementor-spacer-inner\"><\/div>\n\t\t<\/div>\n\t\t\t\t\t\t<\/div>\n\t\t\t\t<\/div>\n\t\t\t\t\t<\/div>\n\t\t<\/div>\n\t\t\t\t\t<\/div>\n\t\t<\/section>\n\t\t\t\t<section class=\"elementor-section elementor-top-section elementor-element elementor-element-652e513 elementor-section-boxed elementor-section-height-default elementor-section-height-default\" data-id=\"652e513\" data-element_type=\"section\" data-e-type=\"section\">\n\t\t\t\t\t\t<div class=\"elementor-container elementor-column-gap-default\">\n\t\t\t\t\t<div class=\"elementor-column elementor-col-100 elementor-top-column elementor-element elementor-element-ecb9473\" data-id=\"ecb9473\" data-element_type=\"column\" data-e-type=\"column\">\n\t\t\t<div class=\"elementor-widget-wrap\">\n\t\t\t\t\t\t\t<\/div>\n\t\t<\/div>\n\t\t\t\t\t<\/div>\n\t\t<\/section>\n\t\t\t\t<\/div>","protected":false},"excerpt":{"rendered":"<p>Hotel con servizio spiaggia incluso HOTEL ALEMAGNA 4 STELLE A BIBIONE Prenotando qui sul sito ogni camera ha sempre incluso nel prezzo un posto spiaggia gi\u00e0 dalla mattina del giorno di arrivo (solo per prenotazioni dirette), il che significa avere per l\u2019intero soggiorno &#8211; 1 ombrellone + 2 lettini . La posizione \u00e8 determinata dalla [&hellip;]<\/p>\n","protected":false},"author":1,"featured_media":0,"parent":0,"menu_order":0,"comment_status":"closed","ping_status":"closed","template":"elementor_header_footer","meta":{"footnotes":""},"class_list":["post-1182","page","type-page","status-publish","hentry"],"_links":{"self":[{"href":"https:\/\/www.hotelalemagnabibione.com\/de\/wp-json\/wp\/v2\/pages\/1182","targetHints":{"allow":["GET"]}}],"collection":[{"href":"https:\/\/www.hotelalemagnabibione.com\/de\/wp-json\/wp\/v2\/pages"}],"about":[{"href":"https:\/\/www.hotelalemagnabibione.com\/de\/wp-json\/wp\/v2\/types\/page"}],"author":[{"embeddable":true,"href":"https:\/\/www.hotelalemagnabibione.com\/de\/wp-json\/wp\/v2\/users\/1"}],"replies":[{"embeddable":true,"href":"https:\/\/www.hotelalemagnabibione.com\/de\/wp-json\/wp\/v2\/comments?post=1182"}],"version-history":[{"count":22,"href":"https:\/\/www.hotelalemagnabibione.com\/de\/wp-json\/wp\/v2\/pages\/1182\/revisions"}],"predecessor-version":[{"id":3637,"href":"https:\/\/www.hotelalemagnabibione.com\/de\/wp-json\/wp\/v2\/pages\/1182\/revisions\/3637"}],"wp:attachment":[{"href":"https:\/\/www.hotelalemagnabibione.com\/de\/wp-json\/wp\/v2\/media?parent=1182"}],"curies":[{"name":"wp","href":"https:\/\/api.w.org\/{rel}","templated":true}]}}